{"id":170,"date":"2017-01-21T18:19:09","date_gmt":"2017-01-21T18:19:09","guid":{"rendered":"http:\/\/neurologe-praxis.de\/?page_id=170"},"modified":"2024-12-22T17:09:42","modified_gmt":"2024-12-22T17:09:42","slug":"termine-vereinbaren","status":"publish","type":"page","link":"https:\/\/nerven-praxis.de\/website\/termine-vereinbaren\/","title":{"rendered":"Termine in unserer Praxis:"},"content":{"rendered":"<p><img data-recalc-dims=\"1\" loading=\"lazy\" decoding=\"async\" data-attachment-id=\"172\" data-permalink=\"https:\/\/nerven-praxis.de\/website\/termine-vereinbaren\/iwilltry\/\" data-orig-file=\"https:\/\/i0.wp.com\/nerven-praxis.de\/website\/wp-content\/uploads\/2017\/01\/iwilltry.gif?fit=234%2C153&amp;ssl=1\" data-orig-size=\"234,153\" data-comments-opened=\"1\" data-image-meta=\"{&quot;aperture&quot;:&quot;0&quot;,&quot;credit&quot;:&quot;&quot;,&quot;camera&quot;:&quot;&quot;,&quot;caption&quot;:&quot;&quot;,&quot;created_timestamp&quot;:&quot;0&quot;,&quot;copyright&quot;:&quot;&quot;,&quot;focal_length&quot;:&quot;0&quot;,&quot;iso&quot;:&quot;0&quot;,&quot;shutter_speed&quot;:&quot;0&quot;,&quot;title&quot;:&quot;&quot;,&quot;orientation&quot;:&quot;0&quot;}\" data-image-title=\"iwilltry\" data-image-description=\"\" data-image-caption=\"\" data-medium-file=\"https:\/\/i0.wp.com\/nerven-praxis.de\/website\/wp-content\/uploads\/2017\/01\/iwilltry.gif?fit=234%2C153&amp;ssl=1\" data-large-file=\"https:\/\/i0.wp.com\/nerven-praxis.de\/website\/wp-content\/uploads\/2017\/01\/iwilltry.gif?fit=234%2C153&amp;ssl=1\" class=\"alignnone size-full wp-image-172\" src=\"https:\/\/i0.wp.com\/nerven-praxis.de\/website\/wp-content\/uploads\/2017\/01\/iwilltry.gif?resize=234%2C153\" alt=\"\" width=\"234\" height=\"153\" \/><br \/>\nPraxisschild in Malawi \/Afrika<\/p>\n<hr \/>\n<h3>Telefonische Terminvereinbarung:<br \/>\n089 - 894 82 64<\/h3>\n<p>Wir f\u00fchren eine Terminpraxis, das heisst, au\u00dfer in Notf\u00e4llen vergeben wir<br \/>\n<b>Termine nur nach telefonischer Voranmeldung<\/b>.<\/p>\n<hr \/>\n<h3>Unser Online-Service:<\/h3>\n<p>Leider ist unsere Praxis in Sto\u00dfzeiten manchmal telefonisch schwer erreichbar.<br \/>\nBitte versuchen Sie es daher nochmal am sp\u00e4ten Nachmittag, oder:<br \/>\n<b>Nutzen Sie unseren <a href=\"http:\/\/nerven-praxis.de\/online\/anfragen1.php\">Online-Service<\/a> zur R\u00fcckruf-Vereinbarung !<\/b><\/p>\n<hr \/>\n<div style=\"vertical-align: middle; color: black; background-color: #ccc; border: 1px solid black; padding: 5px; width: 360px;\">\n<h3>Unsere offiziellen Sprechzeiten sind:<\/h3>\n<table>\n<tbody>\n<tr>\n<td style=\"vertical-align: top; text-align: left; font-size: 1.3em; color: black;\">Montag bis Freitag:<br \/>\nMontag, Dienstag:<br \/>\nDonnerstag:<\/td>\n<td style=\"vertical-align: top; text-align: left; font-size: 1.3em; color: black;\">09:00 bis 12:00h<br \/>\n14:00 bis 17:30h<br \/>\n14:00 bis 17:00h<\/td>\n<\/tr>\n<\/tbody>\n<\/table>\n<\/div>\n<p><i><\/i><br \/>\n<strong>Wir vergeben aber auch Termine au\u00dferhalb der offiziellen Sprechzeiten.<\/strong><\/p>\n<p><strong>Die Praxis ist im Regelfall montags bis freitags von 9:00 bis 13:00 Uhr und am Montag, Dienstag und Donnerstag von 14:00 bis 17:30 Uhr ge\u00f6ffne<\/strong>t, ein Anspruch auf ge\u00f6ffnete Praxisr\u00e4ume besteht jedoch nur zu den ver\u00f6ffentlichten Sprechzeiten.<\/p>\n<p><b>Unser Telefonkapazit\u00e4ten sind h\u00e4ufig vormittags und nach dem Wochenende \u00fcberlastet.<\/b><br \/>\nBitte nutzen Sie zur Terminvereinbarung unseren <a href=\"http:\/\/nerven-praxis.de\/online\/anfragen1.php\">Online-Service<\/a> oder rufen Sie nachmittags bzw. gegen Abend an !<br \/>\n<b>Tel. 089 - 894 82 64<\/b><\/p>\n<p><strong>!ACHTUNG!<br \/>\n<\/strong>Den Krisendienst der Bayern-Psychiatrie erreichen Sie im raschen Bedarfsfall unter der Telefonnummer:<strong> 0800 - 655 3000<\/strong>.<\/p>\n<hr \/>\n<h3>Wartezeit auf einen Termin in der Praxis:<\/h3>\n<p>Die <b>Wartezeit<\/b> f\u00fcr Neurologische Termine betr\u00e4gt in der Regel 1-2 Wochen. Wegen der hohen Anzahl versorgter Dauerpatienten ist f\u00fcr psychiatrische \/ psychotherapeutische Termine mit einer Wartezeit von mindestens 2 - 3 Monaten zu rechnen. Zeitweise k\u00f6nnen Termine auch nur nach Anmeldung durch den Hausarzt oder eine qualifizierte Beratungsstelle vergeben werden.<br \/>\nIhr Hausarzt sollte sich ggf. mit einer kurzen Fallschilderung \u00fcber:<br \/>\n<a href=\"http:\/\/nerven-praxis.de\/online\/anfr_UEBERW.php\">www.nerven-praxis.de\/arztkontakt<\/a><br \/>\nan uns wenden.<\/p>\n<p><b>Wir legen gro\u00dfen Wert darauf, fest vereinbarte Termine dann p\u00fcnktlich einzuhalten<\/b>, bitte seien auch Sie rechtzeitig in der Praxis.<\/p>\n<p>F\u00fcr neurologische Probleme bieten wir auch <b>\"Wartetermine\"<\/b> meist innerhalb weniger Tage an. Sie kommen dann entweder um 8:00h oder 14:00h und m\u00fcssen auf eine Zeitl\u00fccke warten. Die Wartezeiten betragen dabei meist weniger als eine Stunde, nur sehr selten mehr als 2 Stunden.<br \/>\nRasch zu versorgende <b>Notf\u00e4lle<\/b> m\u00fcssen vom Hausarzt als solche eingeordnet und von ihm\/ihr selbst telefonisch bei uns angemeldet werden.<\/p>\n<hr \/>\n<h3>Bitte p\u00fcnktlich zum Termin kommen !<\/h3>\n<p>Im Regelfall werden vereinbarte Termine von uns exakt eingehalten.<br \/>\nNur selten - bei erforderlichem Einschieben mehrerer Notf\u00e4lle (Montags !) - k\u00f6nnen von unserer Seite Terminverschiebungen auftreten (bisher maximal ca. 30 - 45 min.)<\/p>\n<p>Wir selbst warten auch nicht gerne und bitten daher um p\u00fcnktliches Erscheinen der Patienten. Eine 15 min\u00fctige Versp\u00e4tung eines Patienten kann in Sto\u00dfzeiten eine Termin-Neuvereinbarung erforderlich machen.<\/p>\n<hr \/>\n<h3>Bitte mitbringen:<\/h3>\n<p>Als <b>Privatpatient<\/b> bringen Sie bitte zur Vereinfachung der Aufnahmeformalit\u00e4ten Ihre Versicherungskarte mit, sofern Ihnen von Ihrer privaten Versicherungsgesellschaft eine ausgestellt wurde.<br \/>\nAls <b>Kassenpatient<\/b> m\u00fcssen Sie in jedem Fall Ihre <b>Versicherungskarte<\/b> und auch einen ggf. ausgestellten <b>\u00dcberweisungsschein<\/b> Ihres Hausarztes \/ eines anderen Facharztes mitbringen.<\/p>\n<p><b>Bitte au\u00dferdem nicht vergessen:<\/b><\/p>\n<ul>\n<li style=\"list-style-type: none;\">\n<ul>\n<li>Berichte vorbehandelnder \u00c4rzte<\/li>\n<\/ul>\n<\/li>\n<\/ul>\n<ul>\n<li style=\"list-style-type: none;\">\n<ul>\n<li>eventuell bereits angefertigte Kernspin-, Computertomografie- und R\u00f6ntgenaufnahmen<\/li>\n<\/ul>\n<\/li>\n<\/ul>\n<ul>\n<li>eine Liste Ihrer Medikamente<\/li>\n<\/ul>\n<hr \/>\n","protected":false},"excerpt":{"rendered":"<p>Praxisschild in Malawi \/Afrika Telefonische Terminvereinbarung: 089 - 894 82 64 Wir f\u00fchren eine Terminpraxis, das heisst, au\u00dfer in Notf\u00e4llen vergeben wir Termine nur nach telefonischer Voranmeldung. Unser Online-Service: Leider ist unsere Praxis in Sto\u00dfzeiten manchmal telefonisch schwer erreichbar. Bitte versuchen Sie es daher nochmal am sp\u00e4ten Nachmittag, oder: Nutzen Sie unseren Online-Service zur R\u00fcckruf-Vereinbarung <a class=\"read-more\" href=\"https:\/\/nerven-praxis.de\/website\/termine-vereinbaren\/\">... weiterlesen <span class=\"meta-nav\">&rarr;<\/span><\/a><\/p>\n","protected":false},"author":1,"featured_media":0,"parent":0,"menu_order":0,"comment_status":"closed","ping_status":"closed","template":"page-templates\/full-width.php","meta":{"jetpack_post_was_ever_published":false,"footnotes":""},"class_list":["post-170","page","type-page","status-publish","hentry"],"jetpack_sharing_enabled":true,"jetpack_shortlink":"https:\/\/wp.me\/P8m3CX-2K","jetpack-related-posts":[],"_links":{"self":[{"href":"https:\/\/nerven-praxis.de\/website\/wp-json\/wp\/v2\/pages\/170","targetHints":{"allow":["GET"]}}],"collection":[{"href":"https:\/\/nerven-praxis.de\/website\/wp-json\/wp\/v2\/pages"}],"about":[{"href":"https:\/\/nerven-praxis.de\/website\/wp-json\/wp\/v2\/types\/page"}],"author":[{"embeddable":true,"href":"https:\/\/nerven-praxis.de\/website\/wp-json\/wp\/v2\/users\/1"}],"replies":[{"embeddable":true,"href":"https:\/\/nerven-praxis.de\/website\/wp-json\/wp\/v2\/comments?post=170"}],"version-history":[{"count":112,"href":"https:\/\/nerven-praxis.de\/website\/wp-json\/wp\/v2\/pages\/170\/revisions"}],"predecessor-version":[{"id":1588,"href":"https:\/\/nerven-praxis.de\/website\/wp-json\/wp\/v2\/pages\/170\/revisions\/1588"}],"wp:attachment":[{"href":"https:\/\/nerven-praxis.de\/website\/wp-json\/wp\/v2\/media?parent=170"}],"curies":[{"name":"wp","href":"https:\/\/api.w.org\/{rel}","templated":true}]}}