{"id":400,"date":"2017-02-04T17:24:26","date_gmt":"2017-02-04T17:24:26","guid":{"rendered":"http:\/\/neurologe-praxis.de\/?page_id=400"},"modified":"2021-11-28T09:16:16","modified_gmt":"2021-11-28T09:16:16","slug":"bundesweites-netzwerk-gegen-kopfschmerz","status":"publish","type":"page","link":"https:\/\/nerven-praxis.de\/website\/bundesweites-netzwerk-gegen-kopfschmerz\/","title":{"rendered":"kopfschmerz-sprechstunde.de"},"content":{"rendered":"\n<p>Willkommen auf unserer Webseite!<\/p>\n\n\n\n<p><strong>Die Behandlung von Kopfschmerzen stellt in unserer Praxis einen Schwerpunkt dar.<\/strong><\/p>\n\n\n<p><img data-recalc-dims=\"1\" loading=\"lazy\" decoding=\"async\" data-attachment-id=\"407\" data-permalink=\"https:\/\/nerven-praxis.de\/website\/bundesweites-netzwerk-gegen-kopfschmerz\/kopfschmerznetz\/\" data-orig-file=\"https:\/\/i0.wp.com\/nerven-praxis.de\/website\/wp-content\/uploads\/2017\/02\/kopfschmerznetz.jpg?fit=152%2C72&amp;ssl=1\" data-orig-size=\"152,72\" data-comments-opened=\"1\" data-image-meta=\"{&quot;aperture&quot;:&quot;0&quot;,&quot;credit&quot;:&quot;&quot;,&quot;camera&quot;:&quot;&quot;,&quot;caption&quot;:&quot;&quot;,&quot;created_timestamp&quot;:&quot;0&quot;,&quot;copyright&quot;:&quot;&quot;,&quot;focal_length&quot;:&quot;0&quot;,&quot;iso&quot;:&quot;0&quot;,&quot;shutter_speed&quot;:&quot;0&quot;,&quot;title&quot;:&quot;&quot;,&quot;orientation&quot;:&quot;0&quot;}\" data-image-title=\"kopfschmerznetz\" data-image-description=\"\" data-image-caption=\"\" data-medium-file=\"https:\/\/i0.wp.com\/nerven-praxis.de\/website\/wp-content\/uploads\/2017\/02\/kopfschmerznetz.jpg?fit=152%2C72&amp;ssl=1\" data-large-file=\"https:\/\/i0.wp.com\/nerven-praxis.de\/website\/wp-content\/uploads\/2017\/02\/kopfschmerznetz.jpg?fit=152%2C72&amp;ssl=1\" class=\"alignnone size-full wp-image-407\" style=\"float: left; margin-right: 30px;\" src=\"https:\/\/i0.wp.com\/neurologe-praxis.de\/wp-content\/uploads\/2017\/02\/kopfschmerznetz.jpg?resize=152%2C72\" alt=\"\" width=\"152\" height=\"72\" srcset=\"https:\/\/i0.wp.com\/nerven-praxis.de\/website\/wp-content\/uploads\/2017\/02\/kopfschmerznetz.jpg?w=152&amp;ssl=1 152w, https:\/\/i0.wp.com\/nerven-praxis.de\/website\/wp-content\/uploads\/2017\/02\/kopfschmerznetz.jpg?resize=150%2C72&amp;ssl=1 150w\" sizes=\"auto, (max-width: 152px) 100vw, 152px\" \/><\/p>\n<p><strong>Kopfschmerz-Zentrum im bundesweiten Netzwerk gegen Kopfschmerzen<br \/><\/strong>Die Techniker Krankenkasse hat gemeinsam mit der Schmerzklinik Kiel, dem Universit\u00e4tsklinikum Schleswig- Holstein (UKSH) und mit niedergelassenen Schmerztherapeuten und Neurologen ein bundesweites Netzwerk aufgebaut, das in der Therapie des Kopfschmerzes neue Wege gehen soll.<\/p>\n<p>Die <a href=\"http:\/\/www.schmerzklinik.de\/service-fuer-patienten\/vor-und-nachsorge\/\" target=\"_blank\" rel=\"noopener\">Schmerzklinik Kiel<\/a> (Prof. Dr. Hartmut G\u00f6bel) geh\u00f6rt zu den bundesweit f\u00fchrenden H\u00e4usern in der Kopfschmerz-Therapie.<br \/><strong>Unsere Praxis nimmt als ambulantes Zentrum an diesem integrierten Versorgungskonzept teil.<\/strong><br \/>Alle teilnehmenden Partner haben sich verpflichtet, Kopfschmerzen auf der Basis anerkannter wissenschaftlicher Erkenntnisse zu behandeln.<\/p>\n<p>Wenn Sie vorab <strong>allgemeine Informationen \u00a0zum Thema Kopfschmerz<\/strong> suchen, lesen Sie bitte den Beitrag<br \/><a href=\"http:\/\/wp.me\/p3gB5Z-5r\">Aktuelles Wissen: Kopfschmerz<\/a> in unserem Neuroblog.<\/p>","protected":false},"excerpt":{"rendered":"<p>Willkommen auf unserer Webseite! Die Behandlung von Kopfschmerzen stellt in unserer Praxis einen Schwerpunkt dar. Kopfschmerz-Zentrum im bundesweiten Netzwerk gegen KopfschmerzenDie Techniker Krankenkasse hat gemeinsam mit der Schmerzklinik Kiel, dem Universit\u00e4tsklinikum Schleswig- Holstein (UKSH) und mit niedergelassenen Schmerztherapeuten und Neurologen ein bundesweites Netzwerk aufgebaut, das in der Therapie des Kopfschmerzes neue Wege gehen soll. Die <a class=\"read-more\" href=\"https:\/\/nerven-praxis.de\/website\/bundesweites-netzwerk-gegen-kopfschmerz\/\">... weiterlesen <span class=\"meta-nav\">&rarr;<\/span><\/a><\/p>\n","protected":false},"author":1,"featured_media":0,"parent":0,"menu_order":0,"comment_status":"closed","ping_status":"closed","template":"","meta":{"jetpack_post_was_ever_published":false,"footnotes":""},"class_list":["post-400","page","type-page","status-publish","hentry"],"jetpack_sharing_enabled":true,"jetpack_shortlink":"https:\/\/wp.me\/P8m3CX-6s","jetpack-related-posts":[],"_links":{"self":[{"href":"https:\/\/nerven-praxis.de\/website\/wp-json\/wp\/v2\/pages\/400","targetHints":{"allow":["GET"]}}],"collection":[{"href":"https:\/\/nerven-praxis.de\/website\/wp-json\/wp\/v2\/pages"}],"about":[{"href":"https:\/\/nerven-praxis.de\/website\/wp-json\/wp\/v2\/types\/page"}],"author":[{"embeddable":true,"href":"https:\/\/nerven-praxis.de\/website\/wp-json\/wp\/v2\/users\/1"}],"replies":[{"embeddable":true,"href":"https:\/\/nerven-praxis.de\/website\/wp-json\/wp\/v2\/comments?post=400"}],"version-history":[{"count":45,"href":"https:\/\/nerven-praxis.de\/website\/wp-json\/wp\/v2\/pages\/400\/revisions"}],"predecessor-version":[{"id":1288,"href":"https:\/\/nerven-praxis.de\/website\/wp-json\/wp\/v2\/pages\/400\/revisions\/1288"}],"wp:attachment":[{"href":"https:\/\/nerven-praxis.de\/website\/wp-json\/wp\/v2\/media?parent=400"}],"curies":[{"name":"wp","href":"https:\/\/api.w.org\/{rel}","templated":true}]}}